{"id":1042,"date":"2016-05-16T17:33:54","date_gmt":"2016-05-16T14:33:54","guid":{"rendered":"http:\/\/sharks.ee\/lottemaa\/en\/?page_id=1042"},"modified":"2024-09-25T17:02:41","modified_gmt":"2024-09-25T14:02:41","slug":"arturs-shopsouvenirs","status":"publish","type":"page","link":"https:\/\/lottemaa.ee\/en\/about-us\/arturs-shopsouvenirs\/","title":{"rendered":"Artur\u00b4s shop"},"content":{"rendered":"<p style=\"text-align: left;\">The nice summer day will be remembered by great souvenirs, wonderful books and films and exciting games. All this and much more is available in our shop. The colourful counters have a wide selection of goods, from souvenirs to toys and clothes, as well as soft drinks and snacks.<\/p>\n<h3 style=\"text-align: left;\"><a href=\"https:\/\/e-pood.lottemaa.ee\/en\">E-SHOP<\/a><a href=\"http:\/\/e-pood.lottemaa.ee\/\" target=\"_blank\" rel=\"noopener\">\u00bb<\/a><\/h3>\n","protected":false},"excerpt":{"rendered":"<p>The nice summer day will be remembered by great souvenirs, wonderful books and films and exciting games. All this and much more is available in our shop. The colourful counters have a wide selection of goods, from souvenirs to toys and clothes, as well as soft drinks and snacks. E-SHOP\u00bb<\/p>\n","protected":false},"author":1,"featured_media":25127,"parent":595,"menu_order":269,"comment_status":"closed","ping_status":"closed","template":"","meta":{"_acf_changed":false,"om_disable_all_campaigns":false,"_uf_show_specific_survey":0,"_uf_disable_surveys":false,"footnotes":""},"class_list":["post-1042","page","type-page","status-publish","has-post-thumbnail","hentry"],"acf":[],"yoast_head":"<!-- This site is optimized with the Yoast SEO plugin v25.5 - https:\/\/yoast.com\/wordpress\/plugins\/seo\/ -->\n<title>Artur\u00b4s shop | Lottemaa Teemapark<\/title>\n<meta name=\"robots\" content=\"index, follow, max-snippet:-1, max-image-preview:large, max-video-preview:-1\" \/>\n<link rel=\"canonical\" href=\"https:\/\/lottemaa.ee\/en\/about-us\/arturs-shopsouvenirs\/\" \/>\n<meta property=\"og:locale\" content=\"en_US\" \/>\n<meta property=\"og:type\" content=\"article\" \/>\n<meta property=\"og:title\" content=\"Artur\u00b4s shop | Lottemaa Teemapark\" \/>\n<meta property=\"og:description\" content=\"The nice summer day will be remembered by great souvenirs, wonderful books and films and exciting games. All this and much more is available in our shop. The colourful counters have a wide selection of goods, from souvenirs to toys and clothes, as well as soft drinks and snacks. E-SHOP\u00bb\" \/>\n<meta property=\"og:url\" content=\"https:\/\/lottemaa.ee\/en\/about-us\/arturs-shopsouvenirs\/\" \/>\n<meta property=\"og:site_name\" content=\"Lottemaa Teemapark\" \/>\n<meta property=\"article:modified_time\" content=\"2024-09-25T14:02:41+00:00\" \/>\n<meta property=\"og:image\" content=\"https:\/\/lottemaa.ee\/wp-content\/uploads\/2024\/02\/arturi_pood_288x251.jpg\" \/>\n\t<meta property=\"og:image:width\" content=\"288\" \/>\n\t<meta property=\"og:image:height\" content=\"251\" \/>\n\t<meta property=\"og:image:type\" content=\"image\/jpeg\" \/>\n<meta name=\"twitter:card\" content=\"summary_large_image\" \/>\n<meta name=\"twitter:label1\" content=\"Est. reading time\" \/>\n\t<meta name=\"twitter:data1\" content=\"1 minute\" \/>\n<script type=\"application\/ld+json\" class=\"yoast-schema-graph\">{\"@context\":\"https:\/\/schema.org\",\"@graph\":[{\"@type\":\"WebPage\",\"@id\":\"https:\/\/lottemaa.ee\/en\/about-us\/arturs-shopsouvenirs\/\",\"url\":\"https:\/\/lottemaa.ee\/en\/about-us\/arturs-shopsouvenirs\/\",\"name\":\"Artur\u00b4s shop | Lottemaa Teemapark\",\"isPartOf\":{\"@id\":\"https:\/\/lottemaa.ee\/#website\"},\"primaryImageOfPage\":{\"@id\":\"https:\/\/lottemaa.ee\/en\/about-us\/arturs-shopsouvenirs\/#primaryimage\"},\"image\":{\"@id\":\"https:\/\/lottemaa.ee\/en\/about-us\/arturs-shopsouvenirs\/#primaryimage\"},\"thumbnailUrl\":\"https:\/\/lottemaa.ee\/wp-content\/uploads\/2024\/02\/arturi_pood_288x251.jpg\",\"datePublished\":\"2016-05-16T14:33:54+00:00\",\"dateModified\":\"2024-09-25T14:02:41+00:00\",\"breadcrumb\":{\"@id\":\"https:\/\/lottemaa.ee\/en\/about-us\/arturs-shopsouvenirs\/#breadcrumb\"},\"inLanguage\":\"en-US\",\"potentialAction\":[{\"@type\":\"ReadAction\",\"target\":[\"https:\/\/lottemaa.ee\/en\/about-us\/arturs-shopsouvenirs\/\"]}]},{\"@type\":\"ImageObject\",\"inLanguage\":\"en-US\",\"@id\":\"https:\/\/lottemaa.ee\/en\/about-us\/arturs-shopsouvenirs\/#primaryimage\",\"url\":\"https:\/\/lottemaa.ee\/wp-content\/uploads\/2024\/02\/arturi_pood_288x251.jpg\",\"contentUrl\":\"https:\/\/lottemaa.ee\/wp-content\/uploads\/2024\/02\/arturi_pood_288x251.jpg\",\"width\":288,\"height\":251},{\"@type\":\"BreadcrumbList\",\"@id\":\"https:\/\/lottemaa.ee\/en\/about-us\/arturs-shopsouvenirs\/#breadcrumb\",\"itemListElement\":[{\"@type\":\"ListItem\",\"position\":1,\"name\":\"Home\",\"item\":\"https:\/\/lottemaa.ee\/en\/\"},{\"@type\":\"ListItem\",\"position\":2,\"name\":\"About Us\",\"item\":\"https:\/\/lottemaa.ee\/en\/about-us\/\"},{\"@type\":\"ListItem\",\"position\":3,\"name\":\"Artur\u00b4s shop\"}]},{\"@type\":\"WebSite\",\"@id\":\"https:\/\/lottemaa.ee\/#website\",\"url\":\"https:\/\/lottemaa.ee\/\",\"name\":\"Lottemaa Teemapark\",\"description\":\"Baltimaade suurim ja k\u00f5ige \u00e4gedam kogupere teemapark Eestis P\u00e4rnumaal\",\"publisher\":{\"@id\":\"https:\/\/lottemaa.ee\/#organization\"},\"potentialAction\":[{\"@type\":\"SearchAction\",\"target\":{\"@type\":\"EntryPoint\",\"urlTemplate\":\"https:\/\/lottemaa.ee\/?s={search_term_string}\"},\"query-input\":{\"@type\":\"PropertyValueSpecification\",\"valueRequired\":true,\"valueName\":\"search_term_string\"}}],\"inLanguage\":\"en-US\"},{\"@type\":\"Organization\",\"@id\":\"https:\/\/lottemaa.ee\/#organization\",\"name\":\"Lottemaa Teemapark\",\"url\":\"https:\/\/lottemaa.ee\/\",\"logo\":{\"@type\":\"ImageObject\",\"inLanguage\":\"en-US\",\"@id\":\"https:\/\/lottemaa.ee\/#\/schema\/logo\/image\/\",\"url\":\"https:\/\/lottemaa.ee\/wp-content\/uploads\/2018\/12\/Lottemaa_LOGO.png\",\"contentUrl\":\"https:\/\/lottemaa.ee\/wp-content\/uploads\/2018\/12\/Lottemaa_LOGO.png\",\"width\":1024,\"height\":518,\"caption\":\"Lottemaa Teemapark\"},\"image\":{\"@id\":\"https:\/\/lottemaa.ee\/#\/schema\/logo\/image\/\"}}]}<\/script>\n<!-- \/ Yoast SEO plugin. -->","yoast_head_json":{"title":"Artur\u00b4s shop | Lottemaa Teemapark","robots":{"index":"index","follow":"follow","max-snippet":"max-snippet:-1","max-image-preview":"max-image-preview:large","max-video-preview":"max-video-preview:-1"},"canonical":"https:\/\/lottemaa.ee\/en\/about-us\/arturs-shopsouvenirs\/","og_locale":"en_US","og_type":"article","og_title":"Artur\u00b4s shop | Lottemaa Teemapark","og_description":"The nice summer day will be remembered by great souvenirs, wonderful books and films and exciting games. All this and much more is available in our shop. The colourful counters have a wide selection of goods, from souvenirs to toys and clothes, as well as soft drinks and snacks. E-SHOP\u00bb","og_url":"https:\/\/lottemaa.ee\/en\/about-us\/arturs-shopsouvenirs\/","og_site_name":"Lottemaa Teemapark","article_modified_time":"2024-09-25T14:02:41+00:00","og_image":[{"width":288,"height":251,"url":"https:\/\/lottemaa.ee\/wp-content\/uploads\/2024\/02\/arturi_pood_288x251.jpg","type":"image\/jpeg"}],"twitter_card":"summary_large_image","twitter_misc":{"Est. reading time":"1 minute"},"schema":{"@context":"https:\/\/schema.org","@graph":[{"@type":"WebPage","@id":"https:\/\/lottemaa.ee\/en\/about-us\/arturs-shopsouvenirs\/","url":"https:\/\/lottemaa.ee\/en\/about-us\/arturs-shopsouvenirs\/","name":"Artur\u00b4s shop | Lottemaa Teemapark","isPartOf":{"@id":"https:\/\/lottemaa.ee\/#website"},"primaryImageOfPage":{"@id":"https:\/\/lottemaa.ee\/en\/about-us\/arturs-shopsouvenirs\/#primaryimage"},"image":{"@id":"https:\/\/lottemaa.ee\/en\/about-us\/arturs-shopsouvenirs\/#primaryimage"},"thumbnailUrl":"https:\/\/lottemaa.ee\/wp-content\/uploads\/2024\/02\/arturi_pood_288x251.jpg","datePublished":"2016-05-16T14:33:54+00:00","dateModified":"2024-09-25T14:02:41+00:00","breadcrumb":{"@id":"https:\/\/lottemaa.ee\/en\/about-us\/arturs-shopsouvenirs\/#breadcrumb"},"inLanguage":"en-US","potentialAction":[{"@type":"ReadAction","target":["https:\/\/lottemaa.ee\/en\/about-us\/arturs-shopsouvenirs\/"]}]},{"@type":"ImageObject","inLanguage":"en-US","@id":"https:\/\/lottemaa.ee\/en\/about-us\/arturs-shopsouvenirs\/#primaryimage","url":"https:\/\/lottemaa.ee\/wp-content\/uploads\/2024\/02\/arturi_pood_288x251.jpg","contentUrl":"https:\/\/lottemaa.ee\/wp-content\/uploads\/2024\/02\/arturi_pood_288x251.jpg","width":288,"height":251},{"@type":"BreadcrumbList","@id":"https:\/\/lottemaa.ee\/en\/about-us\/arturs-shopsouvenirs\/#breadcrumb","itemListElement":[{"@type":"ListItem","position":1,"name":"Home","item":"https:\/\/lottemaa.ee\/en\/"},{"@type":"ListItem","position":2,"name":"About Us","item":"https:\/\/lottemaa.ee\/en\/about-us\/"},{"@type":"ListItem","position":3,"name":"Artur\u00b4s shop"}]},{"@type":"WebSite","@id":"https:\/\/lottemaa.ee\/#website","url":"https:\/\/lottemaa.ee\/","name":"Lottemaa Teemapark","description":"Baltimaade suurim ja k\u00f5ige \u00e4gedam kogupere teemapark Eestis P\u00e4rnumaal","publisher":{"@id":"https:\/\/lottemaa.ee\/#organization"},"potentialAction":[{"@type":"SearchAction","target":{"@type":"EntryPoint","urlTemplate":"https:\/\/lottemaa.ee\/?s={search_term_string}"},"query-input":{"@type":"PropertyValueSpecification","valueRequired":true,"valueName":"search_term_string"}}],"inLanguage":"en-US"},{"@type":"Organization","@id":"https:\/\/lottemaa.ee\/#organization","name":"Lottemaa Teemapark","url":"https:\/\/lottemaa.ee\/","logo":{"@type":"ImageObject","inLanguage":"en-US","@id":"https:\/\/lottemaa.ee\/#\/schema\/logo\/image\/","url":"https:\/\/lottemaa.ee\/wp-content\/uploads\/2018\/12\/Lottemaa_LOGO.png","contentUrl":"https:\/\/lottemaa.ee\/wp-content\/uploads\/2018\/12\/Lottemaa_LOGO.png","width":1024,"height":518,"caption":"Lottemaa Teemapark"},"image":{"@id":"https:\/\/lottemaa.ee\/#\/schema\/logo\/image\/"}}]}},"_links":{"self":[{"href":"https:\/\/lottemaa.ee\/en\/wp-json\/wp\/v2\/pages\/1042","targetHints":{"allow":["GET"]}}],"collection":[{"href":"https:\/\/lottemaa.ee\/en\/wp-json\/wp\/v2\/pages"}],"about":[{"href":"https:\/\/lottemaa.ee\/en\/wp-json\/wp\/v2\/types\/page"}],"author":[{"embeddable":true,"href":"https:\/\/lottemaa.ee\/en\/wp-json\/wp\/v2\/users\/1"}],"replies":[{"embeddable":true,"href":"https:\/\/lottemaa.ee\/en\/wp-json\/wp\/v2\/comments?post=1042"}],"version-history":[{"count":5,"href":"https:\/\/lottemaa.ee\/en\/wp-json\/wp\/v2\/pages\/1042\/revisions"}],"predecessor-version":[{"id":27136,"href":"https:\/\/lottemaa.ee\/en\/wp-json\/wp\/v2\/pages\/1042\/revisions\/27136"}],"up":[{"embeddable":true,"href":"https:\/\/lottemaa.ee\/en\/wp-json\/wp\/v2\/pages\/595"}],"wp:featuredmedia":[{"embeddable":true,"href":"https:\/\/lottemaa.ee\/en\/wp-json\/wp\/v2\/media\/25127"}],"wp:attachment":[{"href":"https:\/\/lottemaa.ee\/en\/wp-json\/wp\/v2\/media?parent=1042"}],"curies":[{"name":"wp","href":"https:\/\/api.w.org\/{rel}","templated":true}]}}