{"id":1026,"date":"2016-05-16T17:25:31","date_gmt":"2016-05-16T14:25:31","guid":{"rendered":"http:\/\/sharks.ee\/lottemaa\/en\/?page_id=1026"},"modified":"2024-11-05T16:54:32","modified_gmt":"2024-11-05T14:54:32","slug":"adventure-park","status":"publish","type":"page","link":"https:\/\/lottemaa.ee\/en\/a-day-in-lotte-village\/adventure-park\/","title":{"rendered":"Adventure park"},"content":{"rendered":"<p style=\"text-align: left;\">There is an adventure park hidden in the pine forest of Lotte Village \u2013 several adventure trails are waiting for you and your friends.\u00a0 Climb a spiderweb, ride a zip wire, and get dragged up a tree in a basket.<\/p>\n<p style=\"text-align: left;\">The park is suitable for children aged at least 3 years. Big kids (read: adults) can also discover the adventure park trails &#8230; if they dare try. Younger children, however, need constant supervision from their parents. The trails are not high up in the air, meaning that harnesses and safety belts are not needed. That said, it is still safer to have someone keep an eye on the younger climbers.<\/p>\n<h3 style=\"text-align: left;\">WHAT ELSE CAN YOU DO AT THE ADVENTURE PARK?<\/h3>\n<p style=\"text-align: left;\">Along the <strong>Ladybirds\u2019 Trail<\/strong>, you can wander through the Gadgetville Forest, which also provides some much-appreciated shade on a hot summer day. It is also home to some very interesting inhabitants. In the <strong>Insect Village<\/strong> near the adventure park, you can wander around insect homes.<\/p>\n<h3 style=\"text-align: left;\">A LITTLE REFRESHMENT AFTER THE PARK<\/h3>\n<p style=\"text-align: left;\">Right next to the adventure park is the<a href=\"https:\/\/lottemaa.ee\/en\/a-day-in-lotte-village\/food-drink\/ladybirds-cafe\/\"> Ladybirds&#8217; Caf\u00e9<\/a>, where you can have a delicious bite. Grab an ice cream or a soft drink so you can continue your adventure in Lotte Village.<\/p>\n<h3 style=\"text-align: left;\">WHAT TO DO AFTER THE ADVENTURE PARK?<\/h3>\n<p style=\"text-align: left;\"><a href=\"https:\/\/lottemaa.ee\/en\/a-day-in-lotte-village\/buildings-and-activites\/the-tower-of-the-discovery-of-the-internet\/\">In the Internet Discovery Tower<\/a> live tiny little Internet men. You can\u2019t see them with the naked eye, but you can with a magnifying glass \u2013 at least those living on lower floors. The higher you go, the faster and fleeter the Internet men become.<\/p>\n<p style=\"text-align: left;\">If you walk along the Ladybirds\u2019 forest trail, you might end up in the backyard of the<a href=\"https:\/\/lottemaa.ee\/en\/a-day-in-lotte-village\/buildings-and-activites\/janeste-maja\/\">\u00a0Rabbit\u2019s House<\/a>.\u00a0From the\u00a0attic to the\u00a0cellar, their house is full of excitement and things to discover. The stairs creak and strange voices can be heard in the attic.\u00a0In the <a href=\"https:\/\/lottemaa.ee\/en\/a-day-in-lotte-village\/buildings-and-activites\/planetarium\/\">Planetarium<\/a>, you can explore all the secrets of space.\u00a0In the <a href=\"https:\/\/lottemaa.ee\/en\/a-day-in-lotte-village\/buildings-and-activites\/janeste-rahva-muuseum\/\">Museum of Rabbit Folk<\/a>\u00a0Lembit the Rabbit sleeps his eternal sleep.<\/p>\n<h3 style=\"text-align: left;\">RULES OF THE ADVENTURE PARK<\/h3>\n<ul style=\"text-align: left;\">\n<li>\u00a0Make sure \u2013 before beginning to climb \u2013 that the trail is suitable for you and your child!<\/li>\n<li>\u00a0If you notice a broken element, immediately notify an adventure park employee!<\/li>\n<li>\u00a0Make your moves from platform to platform horizontally, never upwards!<\/li>\n<li>\u00a0In case of rainy weather, be extra cautious as the trail may become slippery!<\/li>\n<li>\u00a0Always be friendly and attentive towards others!<\/li>\n<li>\u00a0One person at a time is allowed to use the bridge; the platform is suitable for up to three climbers!<\/li>\n<li>\u00a0In case of an accident call 112!<\/li>\n<\/ul>\n<p style=\"text-align: left;\">Attention! Please beware that climbing on the adventure trail is only permitted under the supervision of an adult.<\/p>\n<p style=\"text-align: left;\">Be safe! Have fun climbing!<\/p>\n","protected":false},"excerpt":{"rendered":"<p>There is an adventure park hidden in the pine forest of Lotte Village \u2013 several adventure trails are waiting for you and your friends.\u00a0 Climb a spiderweb, ride a zip wire, and get dragged up a tree in a basket. The park is suitable for children aged at least 3 years. Big kids (read: adults) &hellip; <a href=\"https:\/\/lottemaa.ee\/en\/a-day-in-lotte-village\/adventure-park\/\">Continued<\/a><\/p>\n","protected":false},"author":1,"featured_media":25167,"parent":587,"menu_order":707,"comment_status":"closed","ping_status":"closed","template":"","meta":{"_acf_changed":false,"om_disable_all_campaigns":false,"_uf_show_specific_survey":0,"_uf_disable_surveys":false,"footnotes":""},"class_list":["post-1026","page","type-page","status-publish","has-post-thumbnail","hentry"],"acf":[],"yoast_head":"<!-- This site is optimized with the Yoast SEO plugin v25.5 - https:\/\/yoast.com\/wordpress\/plugins\/seo\/ -->\n<title>Adventure Park \u2013 Lotte Village Theme Park<\/title>\n<meta name=\"description\" content=\"Lotte Village has its own adventure park. You and your friends can put your skills and abilities to the test on the adventure trail.\" \/>\n<meta name=\"robots\" content=\"index, follow, max-snippet:-1, max-image-preview:large, max-video-preview:-1\" \/>\n<link rel=\"canonical\" href=\"https:\/\/lottemaa.ee\/en\/a-day-in-lotte-village\/adventure-park\/\" \/>\n<meta property=\"og:locale\" content=\"en_US\" \/>\n<meta property=\"og:type\" content=\"article\" \/>\n<meta property=\"og:title\" content=\"Adventure Park \u2013 Lotte Village Theme Park\" \/>\n<meta property=\"og:description\" content=\"Lotte Village has its own adventure park. You and your friends can put your skills and abilities to the test on the adventure trail.\" \/>\n<meta property=\"og:url\" content=\"https:\/\/lottemaa.ee\/en\/a-day-in-lotte-village\/adventure-park\/\" \/>\n<meta property=\"og:site_name\" content=\"Lottemaa Teemapark\" \/>\n<meta property=\"article:modified_time\" content=\"2024-11-05T14:54:32+00:00\" \/>\n<meta property=\"og:image\" content=\"https:\/\/lottemaa.ee\/wp-content\/uploads\/2024\/02\/Seikluspark_288x251.jpg\" \/>\n\t<meta property=\"og:image:width\" content=\"288\" \/>\n\t<meta property=\"og:image:height\" content=\"251\" \/>\n\t<meta property=\"og:image:type\" content=\"image\/jpeg\" \/>\n<meta name=\"twitter:card\" content=\"summary_large_image\" \/>\n<meta name=\"twitter:label1\" content=\"Est. reading time\" \/>\n\t<meta name=\"twitter:data1\" content=\"3 minutes\" \/>\n<script type=\"application\/ld+json\" class=\"yoast-schema-graph\">{\"@context\":\"https:\/\/schema.org\",\"@graph\":[{\"@type\":\"WebPage\",\"@id\":\"https:\/\/lottemaa.ee\/en\/a-day-in-lotte-village\/adventure-park\/\",\"url\":\"https:\/\/lottemaa.ee\/en\/a-day-in-lotte-village\/adventure-park\/\",\"name\":\"Adventure Park \u2013 Lotte Village Theme Park\",\"isPartOf\":{\"@id\":\"https:\/\/lottemaa.ee\/#website\"},\"primaryImageOfPage\":{\"@id\":\"https:\/\/lottemaa.ee\/en\/a-day-in-lotte-village\/adventure-park\/#primaryimage\"},\"image\":{\"@id\":\"https:\/\/lottemaa.ee\/en\/a-day-in-lotte-village\/adventure-park\/#primaryimage\"},\"thumbnailUrl\":\"https:\/\/lottemaa.ee\/wp-content\/uploads\/2024\/02\/Seikluspark_288x251.jpg\",\"datePublished\":\"2016-05-16T14:25:31+00:00\",\"dateModified\":\"2024-11-05T14:54:32+00:00\",\"description\":\"Lotte Village has its own adventure park. You and your friends can put your skills and abilities to the test on the adventure trail.\",\"breadcrumb\":{\"@id\":\"https:\/\/lottemaa.ee\/en\/a-day-in-lotte-village\/adventure-park\/#breadcrumb\"},\"inLanguage\":\"en-US\",\"potentialAction\":[{\"@type\":\"ReadAction\",\"target\":[\"https:\/\/lottemaa.ee\/en\/a-day-in-lotte-village\/adventure-park\/\"]}]},{\"@type\":\"ImageObject\",\"inLanguage\":\"en-US\",\"@id\":\"https:\/\/lottemaa.ee\/en\/a-day-in-lotte-village\/adventure-park\/#primaryimage\",\"url\":\"https:\/\/lottemaa.ee\/wp-content\/uploads\/2024\/02\/Seikluspark_288x251.jpg\",\"contentUrl\":\"https:\/\/lottemaa.ee\/wp-content\/uploads\/2024\/02\/Seikluspark_288x251.jpg\",\"width\":288,\"height\":251},{\"@type\":\"BreadcrumbList\",\"@id\":\"https:\/\/lottemaa.ee\/en\/a-day-in-lotte-village\/adventure-park\/#breadcrumb\",\"itemListElement\":[{\"@type\":\"ListItem\",\"position\":1,\"name\":\"Home\",\"item\":\"https:\/\/lottemaa.ee\/en\/\"},{\"@type\":\"ListItem\",\"position\":2,\"name\":\"A day in Lotte Village\",\"item\":\"https:\/\/lottemaa.ee\/en\/a-day-in-lotte-village\/\"},{\"@type\":\"ListItem\",\"position\":3,\"name\":\"Adventure park\"}]},{\"@type\":\"WebSite\",\"@id\":\"https:\/\/lottemaa.ee\/#website\",\"url\":\"https:\/\/lottemaa.ee\/\",\"name\":\"Lottemaa Teemapark\",\"description\":\"Baltimaade suurim ja k\u00f5ige \u00e4gedam kogupere teemapark Eestis P\u00e4rnumaal\",\"publisher\":{\"@id\":\"https:\/\/lottemaa.ee\/#organization\"},\"potentialAction\":[{\"@type\":\"SearchAction\",\"target\":{\"@type\":\"EntryPoint\",\"urlTemplate\":\"https:\/\/lottemaa.ee\/?s={search_term_string}\"},\"query-input\":{\"@type\":\"PropertyValueSpecification\",\"valueRequired\":true,\"valueName\":\"search_term_string\"}}],\"inLanguage\":\"en-US\"},{\"@type\":\"Organization\",\"@id\":\"https:\/\/lottemaa.ee\/#organization\",\"name\":\"Lottemaa Teemapark\",\"url\":\"https:\/\/lottemaa.ee\/\",\"logo\":{\"@type\":\"ImageObject\",\"inLanguage\":\"en-US\",\"@id\":\"https:\/\/lottemaa.ee\/#\/schema\/logo\/image\/\",\"url\":\"https:\/\/lottemaa.ee\/wp-content\/uploads\/2018\/12\/Lottemaa_LOGO.png\",\"contentUrl\":\"https:\/\/lottemaa.ee\/wp-content\/uploads\/2018\/12\/Lottemaa_LOGO.png\",\"width\":1024,\"height\":518,\"caption\":\"Lottemaa Teemapark\"},\"image\":{\"@id\":\"https:\/\/lottemaa.ee\/#\/schema\/logo\/image\/\"}}]}<\/script>\n<!-- \/ Yoast SEO plugin. -->","yoast_head_json":{"title":"Adventure Park \u2013 Lotte Village Theme Park","description":"Lotte Village has its own adventure park. You and your friends can put your skills and abilities to the test on the adventure trail.","robots":{"index":"index","follow":"follow","max-snippet":"max-snippet:-1","max-image-preview":"max-image-preview:large","max-video-preview":"max-video-preview:-1"},"canonical":"https:\/\/lottemaa.ee\/en\/a-day-in-lotte-village\/adventure-park\/","og_locale":"en_US","og_type":"article","og_title":"Adventure Park \u2013 Lotte Village Theme Park","og_description":"Lotte Village has its own adventure park. You and your friends can put your skills and abilities to the test on the adventure trail.","og_url":"https:\/\/lottemaa.ee\/en\/a-day-in-lotte-village\/adventure-park\/","og_site_name":"Lottemaa Teemapark","article_modified_time":"2024-11-05T14:54:32+00:00","og_image":[{"width":288,"height":251,"url":"https:\/\/lottemaa.ee\/wp-content\/uploads\/2024\/02\/Seikluspark_288x251.jpg","type":"image\/jpeg"}],"twitter_card":"summary_large_image","twitter_misc":{"Est. reading time":"3 minutes"},"schema":{"@context":"https:\/\/schema.org","@graph":[{"@type":"WebPage","@id":"https:\/\/lottemaa.ee\/en\/a-day-in-lotte-village\/adventure-park\/","url":"https:\/\/lottemaa.ee\/en\/a-day-in-lotte-village\/adventure-park\/","name":"Adventure Park \u2013 Lotte Village Theme Park","isPartOf":{"@id":"https:\/\/lottemaa.ee\/#website"},"primaryImageOfPage":{"@id":"https:\/\/lottemaa.ee\/en\/a-day-in-lotte-village\/adventure-park\/#primaryimage"},"image":{"@id":"https:\/\/lottemaa.ee\/en\/a-day-in-lotte-village\/adventure-park\/#primaryimage"},"thumbnailUrl":"https:\/\/lottemaa.ee\/wp-content\/uploads\/2024\/02\/Seikluspark_288x251.jpg","datePublished":"2016-05-16T14:25:31+00:00","dateModified":"2024-11-05T14:54:32+00:00","description":"Lotte Village has its own adventure park. You and your friends can put your skills and abilities to the test on the adventure trail.","breadcrumb":{"@id":"https:\/\/lottemaa.ee\/en\/a-day-in-lotte-village\/adventure-park\/#breadcrumb"},"inLanguage":"en-US","potentialAction":[{"@type":"ReadAction","target":["https:\/\/lottemaa.ee\/en\/a-day-in-lotte-village\/adventure-park\/"]}]},{"@type":"ImageObject","inLanguage":"en-US","@id":"https:\/\/lottemaa.ee\/en\/a-day-in-lotte-village\/adventure-park\/#primaryimage","url":"https:\/\/lottemaa.ee\/wp-content\/uploads\/2024\/02\/Seikluspark_288x251.jpg","contentUrl":"https:\/\/lottemaa.ee\/wp-content\/uploads\/2024\/02\/Seikluspark_288x251.jpg","width":288,"height":251},{"@type":"BreadcrumbList","@id":"https:\/\/lottemaa.ee\/en\/a-day-in-lotte-village\/adventure-park\/#breadcrumb","itemListElement":[{"@type":"ListItem","position":1,"name":"Home","item":"https:\/\/lottemaa.ee\/en\/"},{"@type":"ListItem","position":2,"name":"A day in Lotte Village","item":"https:\/\/lottemaa.ee\/en\/a-day-in-lotte-village\/"},{"@type":"ListItem","position":3,"name":"Adventure park"}]},{"@type":"WebSite","@id":"https:\/\/lottemaa.ee\/#website","url":"https:\/\/lottemaa.ee\/","name":"Lottemaa Teemapark","description":"Baltimaade suurim ja k\u00f5ige \u00e4gedam kogupere teemapark Eestis P\u00e4rnumaal","publisher":{"@id":"https:\/\/lottemaa.ee\/#organization"},"potentialAction":[{"@type":"SearchAction","target":{"@type":"EntryPoint","urlTemplate":"https:\/\/lottemaa.ee\/?s={search_term_string}"},"query-input":{"@type":"PropertyValueSpecification","valueRequired":true,"valueName":"search_term_string"}}],"inLanguage":"en-US"},{"@type":"Organization","@id":"https:\/\/lottemaa.ee\/#organization","name":"Lottemaa Teemapark","url":"https:\/\/lottemaa.ee\/","logo":{"@type":"ImageObject","inLanguage":"en-US","@id":"https:\/\/lottemaa.ee\/#\/schema\/logo\/image\/","url":"https:\/\/lottemaa.ee\/wp-content\/uploads\/2018\/12\/Lottemaa_LOGO.png","contentUrl":"https:\/\/lottemaa.ee\/wp-content\/uploads\/2018\/12\/Lottemaa_LOGO.png","width":1024,"height":518,"caption":"Lottemaa Teemapark"},"image":{"@id":"https:\/\/lottemaa.ee\/#\/schema\/logo\/image\/"}}]}},"_links":{"self":[{"href":"https:\/\/lottemaa.ee\/en\/wp-json\/wp\/v2\/pages\/1026","targetHints":{"allow":["GET"]}}],"collection":[{"href":"https:\/\/lottemaa.ee\/en\/wp-json\/wp\/v2\/pages"}],"about":[{"href":"https:\/\/lottemaa.ee\/en\/wp-json\/wp\/v2\/types\/page"}],"author":[{"embeddable":true,"href":"https:\/\/lottemaa.ee\/en\/wp-json\/wp\/v2\/users\/1"}],"replies":[{"embeddable":true,"href":"https:\/\/lottemaa.ee\/en\/wp-json\/wp\/v2\/comments?post=1026"}],"version-history":[{"count":5,"href":"https:\/\/lottemaa.ee\/en\/wp-json\/wp\/v2\/pages\/1026\/revisions"}],"predecessor-version":[{"id":29004,"href":"https:\/\/lottemaa.ee\/en\/wp-json\/wp\/v2\/pages\/1026\/revisions\/29004"}],"up":[{"embeddable":true,"href":"https:\/\/lottemaa.ee\/en\/wp-json\/wp\/v2\/pages\/587"}],"wp:featuredmedia":[{"embeddable":true,"href":"https:\/\/lottemaa.ee\/en\/wp-json\/wp\/v2\/media\/25167"}],"wp:attachment":[{"href":"https:\/\/lottemaa.ee\/en\/wp-json\/wp\/v2\/media?parent=1026"}],"curies":[{"name":"wp","href":"https:\/\/api.w.org\/{rel}","templated":true}]}}