{"id":10203,"date":"2021-01-13T10:50:55","date_gmt":"2021-01-13T08:50:55","guid":{"rendered":"https:\/\/test.lottemaa.ee\/?page_id=10203"},"modified":"2026-03-25T16:44:30","modified_gmt":"2026-03-25T14:44:30","slug":"summer-season-2026","status":"publish","type":"page","link":"https:\/\/lottemaa.ee\/en\/about-us\/summer-season-2026\/","title":{"rendered":"Summer season 2026"},"content":{"rendered":"<h2 style=\"text-align: left;\"><span style=\"color: #0000ff;\">WE ARE OPEN FROM 13 JUNE TO 30 AUGUST 2026<br \/>\n<\/span><span style=\"color: #ff0000;\">EVERY DAY FROM 10 AM TO 6 PM<\/span><\/h2>\n<p style=\"text-align: left;\">At Lotte Village Theme Park, located at beautiful costal fores, you can find <strong>Gadgetville<\/strong>, the magical place known from Lotte films, musicals and books.<\/p>\n<p style=\"text-align: left;\">Here, you can meet Lotte, Bruno, Albert, and many other Gadgetville villagers, and together you can play and invent new creations. There are over 100 attractions, waiting to be discovered at Lotte Village, as well as themed houses, exciting food experiences, souvenir shops, and a beautiful beach. Discovery, invention, and exciting adventures for the whole family run throughout the entire day at Lotte Village!<\/p>\n<p style=\"text-align: left;\"><strong>Welcome to Lotte Village!<\/strong><\/p>\n<p style=\"text-align: left;\">A day ticket for the 2026 season is valid until August 30 and allows you to have fun in Gadgetville for 8 hours. There are over 100 inventions, playthings and attractions waiting for you! The adventure park, high observation tower, maze and the play house are among many other exciting places to discover in this very special village.<\/p>\n<p style=\"text-align: left;\">During the day you can watch exciting short plays, meet Lotte, Bruno, Albert and the other nice inhabitants of Gadgetville. When the weather is warm, you can swim in the sea. The ticket price includes admission to all attractions in the Theme Park.<\/p>\n<p style=\"text-align: left;\">To avoid queues, we recommend you purchase your parking and train tickets in advance.<\/p>\n<p><a href=\"https:\/\/fienta.com\/lottemaa-suvi-2026\"><img loading=\"lazy\" decoding=\"async\" class=\"wp-image-19192 size-medium alignnone\" src=\"https:\/\/lottemaa.ee\/wp-content\/uploads\/2023\/01\/osta_pilet_siit_eng-300x82.png\" alt=\"\" width=\"300\" height=\"82\" srcset=\"https:\/\/lottemaa.ee\/wp-content\/uploads\/2023\/01\/osta_pilet_siit_eng-300x82.png 300w, https:\/\/lottemaa.ee\/wp-content\/uploads\/2023\/01\/osta_pilet_siit_eng-114x31.png 114w, https:\/\/lottemaa.ee\/wp-content\/uploads\/2023\/01\/osta_pilet_siit_eng.png 373w\" sizes=\"auto, (max-width: 300px) 100vw, 300px\" \/><\/a><\/p>\n<p><iframe loading=\"lazy\" title=\"LOTTEMAA - 8 hours of excitement for the whole family | The largest theme park in the Baltics!\" width=\"500\" height=\"281\" src=\"https:\/\/www.youtube.com\/embed\/ZloL1rJoz4Y?feature=oembed\" frameborder=\"0\" allow=\"accelerometer; autoplay; clipboard-write; encrypted-media; gyroscope; picture-in-picture; web-share\" referrerpolicy=\"strict-origin-when-cross-origin\" allowfullscreen><\/iframe><\/p>\n","protected":false},"excerpt":{"rendered":"<p>WE ARE OPEN FROM 13 JUNE TO 30 AUGUST 2026 EVERY DAY FROM 10 AM TO 6 PM At Lotte Village Theme Park, located at beautiful costal fores, you can find Gadgetville, the magical place known from Lotte films, musicals and books. Here, you can meet Lotte, Bruno, Albert, and many other Gadgetville villagers, and &hellip; <a href=\"https:\/\/lottemaa.ee\/en\/about-us\/summer-season-2026\/\">Continued<\/a><\/p>\n","protected":false},"author":7,"featured_media":32994,"parent":595,"menu_order":271,"comment_status":"closed","ping_status":"closed","template":"","meta":{"_acf_changed":false,"om_disable_all_campaigns":false,"_uf_show_specific_survey":0,"_uf_disable_surveys":false,"footnotes":""},"class_list":["post-10203","page","type-page","status-publish","has-post-thumbnail","hentry"],"acf":[],"yoast_head":"<!-- This site is optimized with the Yoast SEO plugin v25.5 - https:\/\/yoast.com\/wordpress\/plugins\/seo\/ -->\n<title>Summer season 2026 | Lottemaa theme park | Estonia<\/title>\n<meta name=\"description\" content=\"What to do with kids in P\u00e4rnun? Spend a exciting day in Lottemaa theme park locating 6 km from the resort town of P\u00e4rnu.\" \/>\n<meta name=\"robots\" content=\"index, follow, max-snippet:-1, max-image-preview:large, max-video-preview:-1\" \/>\n<link rel=\"canonical\" href=\"https:\/\/lottemaa.ee\/en\/about-us\/summer-season-2026\/\" \/>\n<meta property=\"og:locale\" content=\"en_US\" \/>\n<meta property=\"og:type\" content=\"article\" \/>\n<meta property=\"og:title\" content=\"Summer season 2026 | Lottemaa theme park | Estonia\" \/>\n<meta property=\"og:description\" content=\"What to do with kids in P\u00e4rnun? Spend a exciting day in Lottemaa theme park locating 6 km from the resort town of P\u00e4rnu.\" \/>\n<meta property=\"og:url\" content=\"https:\/\/lottemaa.ee\/en\/about-us\/summer-season-2026\/\" \/>\n<meta property=\"og:site_name\" content=\"Lottemaa Teemapark\" \/>\n<meta property=\"article:modified_time\" content=\"2026-03-25T14:44:30+00:00\" \/>\n<meta property=\"og:image\" content=\"https:\/\/lottemaa.ee\/wp-content\/uploads\/2026\/03\/DSC_5419-scaled.jpg\" \/>\n\t<meta property=\"og:image:width\" content=\"2560\" \/>\n\t<meta property=\"og:image:height\" content=\"1696\" \/>\n\t<meta property=\"og:image:type\" content=\"image\/jpeg\" \/>\n<meta name=\"twitter:card\" content=\"summary_large_image\" \/>\n<meta name=\"twitter:label1\" content=\"Est. reading time\" \/>\n\t<meta name=\"twitter:data1\" content=\"2 minutes\" \/>\n<script type=\"application\/ld+json\" class=\"yoast-schema-graph\">{\"@context\":\"https:\/\/schema.org\",\"@graph\":[{\"@type\":\"WebPage\",\"@id\":\"https:\/\/lottemaa.ee\/en\/about-us\/summer-season-2026\/\",\"url\":\"https:\/\/lottemaa.ee\/en\/about-us\/summer-season-2026\/\",\"name\":\"Summer season 2026 | Lottemaa theme park | Estonia\",\"isPartOf\":{\"@id\":\"https:\/\/lottemaa.ee\/#website\"},\"primaryImageOfPage\":{\"@id\":\"https:\/\/lottemaa.ee\/en\/about-us\/summer-season-2026\/#primaryimage\"},\"image\":{\"@id\":\"https:\/\/lottemaa.ee\/en\/about-us\/summer-season-2026\/#primaryimage\"},\"thumbnailUrl\":\"https:\/\/lottemaa.ee\/wp-content\/uploads\/2026\/03\/DSC_5419-scaled.jpg\",\"datePublished\":\"2021-01-13T08:50:55+00:00\",\"dateModified\":\"2026-03-25T14:44:30+00:00\",\"description\":\"What to do with kids in P\u00e4rnun? Spend a exciting day in Lottemaa theme park locating 6 km from the resort town of P\u00e4rnu.\",\"breadcrumb\":{\"@id\":\"https:\/\/lottemaa.ee\/en\/about-us\/summer-season-2026\/#breadcrumb\"},\"inLanguage\":\"en-US\",\"potentialAction\":[{\"@type\":\"ReadAction\",\"target\":[\"https:\/\/lottemaa.ee\/en\/about-us\/summer-season-2026\/\"]}]},{\"@type\":\"ImageObject\",\"inLanguage\":\"en-US\",\"@id\":\"https:\/\/lottemaa.ee\/en\/about-us\/summer-season-2026\/#primaryimage\",\"url\":\"https:\/\/lottemaa.ee\/wp-content\/uploads\/2026\/03\/DSC_5419-scaled.jpg\",\"contentUrl\":\"https:\/\/lottemaa.ee\/wp-content\/uploads\/2026\/03\/DSC_5419-scaled.jpg\",\"width\":2560,\"height\":1696},{\"@type\":\"BreadcrumbList\",\"@id\":\"https:\/\/lottemaa.ee\/en\/about-us\/summer-season-2026\/#breadcrumb\",\"itemListElement\":[{\"@type\":\"ListItem\",\"position\":1,\"name\":\"Home\",\"item\":\"https:\/\/lottemaa.ee\/en\/\"},{\"@type\":\"ListItem\",\"position\":2,\"name\":\"About Us\",\"item\":\"https:\/\/lottemaa.ee\/en\/about-us\/\"},{\"@type\":\"ListItem\",\"position\":3,\"name\":\"Summer season 2026\"}]},{\"@type\":\"WebSite\",\"@id\":\"https:\/\/lottemaa.ee\/#website\",\"url\":\"https:\/\/lottemaa.ee\/\",\"name\":\"Lottemaa Teemapark\",\"description\":\"Baltimaade suurim ja k\u00f5ige \u00e4gedam kogupere teemapark Eestis P\u00e4rnumaal\",\"publisher\":{\"@id\":\"https:\/\/lottemaa.ee\/#organization\"},\"potentialAction\":[{\"@type\":\"SearchAction\",\"target\":{\"@type\":\"EntryPoint\",\"urlTemplate\":\"https:\/\/lottemaa.ee\/?s={search_term_string}\"},\"query-input\":{\"@type\":\"PropertyValueSpecification\",\"valueRequired\":true,\"valueName\":\"search_term_string\"}}],\"inLanguage\":\"en-US\"},{\"@type\":\"Organization\",\"@id\":\"https:\/\/lottemaa.ee\/#organization\",\"name\":\"Lottemaa Teemapark\",\"url\":\"https:\/\/lottemaa.ee\/\",\"logo\":{\"@type\":\"ImageObject\",\"inLanguage\":\"en-US\",\"@id\":\"https:\/\/lottemaa.ee\/#\/schema\/logo\/image\/\",\"url\":\"https:\/\/lottemaa.ee\/wp-content\/uploads\/2018\/12\/Lottemaa_LOGO.png\",\"contentUrl\":\"https:\/\/lottemaa.ee\/wp-content\/uploads\/2018\/12\/Lottemaa_LOGO.png\",\"width\":1024,\"height\":518,\"caption\":\"Lottemaa Teemapark\"},\"image\":{\"@id\":\"https:\/\/lottemaa.ee\/#\/schema\/logo\/image\/\"}}]}<\/script>\n<!-- \/ Yoast SEO plugin. -->","yoast_head_json":{"title":"Summer season 2026 | Lottemaa theme park | Estonia","description":"What to do with kids in P\u00e4rnun? Spend a exciting day in Lottemaa theme park locating 6 km from the resort town of P\u00e4rnu.","robots":{"index":"index","follow":"follow","max-snippet":"max-snippet:-1","max-image-preview":"max-image-preview:large","max-video-preview":"max-video-preview:-1"},"canonical":"https:\/\/lottemaa.ee\/en\/about-us\/summer-season-2026\/","og_locale":"en_US","og_type":"article","og_title":"Summer season 2026 | Lottemaa theme park | Estonia","og_description":"What to do with kids in P\u00e4rnun? Spend a exciting day in Lottemaa theme park locating 6 km from the resort town of P\u00e4rnu.","og_url":"https:\/\/lottemaa.ee\/en\/about-us\/summer-season-2026\/","og_site_name":"Lottemaa Teemapark","article_modified_time":"2026-03-25T14:44:30+00:00","og_image":[{"width":2560,"height":1696,"url":"https:\/\/lottemaa.ee\/wp-content\/uploads\/2026\/03\/DSC_5419-scaled.jpg","type":"image\/jpeg"}],"twitter_card":"summary_large_image","twitter_misc":{"Est. reading time":"2 minutes"},"schema":{"@context":"https:\/\/schema.org","@graph":[{"@type":"WebPage","@id":"https:\/\/lottemaa.ee\/en\/about-us\/summer-season-2026\/","url":"https:\/\/lottemaa.ee\/en\/about-us\/summer-season-2026\/","name":"Summer season 2026 | Lottemaa theme park | Estonia","isPartOf":{"@id":"https:\/\/lottemaa.ee\/#website"},"primaryImageOfPage":{"@id":"https:\/\/lottemaa.ee\/en\/about-us\/summer-season-2026\/#primaryimage"},"image":{"@id":"https:\/\/lottemaa.ee\/en\/about-us\/summer-season-2026\/#primaryimage"},"thumbnailUrl":"https:\/\/lottemaa.ee\/wp-content\/uploads\/2026\/03\/DSC_5419-scaled.jpg","datePublished":"2021-01-13T08:50:55+00:00","dateModified":"2026-03-25T14:44:30+00:00","description":"What to do with kids in P\u00e4rnun? Spend a exciting day in Lottemaa theme park locating 6 km from the resort town of P\u00e4rnu.","breadcrumb":{"@id":"https:\/\/lottemaa.ee\/en\/about-us\/summer-season-2026\/#breadcrumb"},"inLanguage":"en-US","potentialAction":[{"@type":"ReadAction","target":["https:\/\/lottemaa.ee\/en\/about-us\/summer-season-2026\/"]}]},{"@type":"ImageObject","inLanguage":"en-US","@id":"https:\/\/lottemaa.ee\/en\/about-us\/summer-season-2026\/#primaryimage","url":"https:\/\/lottemaa.ee\/wp-content\/uploads\/2026\/03\/DSC_5419-scaled.jpg","contentUrl":"https:\/\/lottemaa.ee\/wp-content\/uploads\/2026\/03\/DSC_5419-scaled.jpg","width":2560,"height":1696},{"@type":"BreadcrumbList","@id":"https:\/\/lottemaa.ee\/en\/about-us\/summer-season-2026\/#breadcrumb","itemListElement":[{"@type":"ListItem","position":1,"name":"Home","item":"https:\/\/lottemaa.ee\/en\/"},{"@type":"ListItem","position":2,"name":"About Us","item":"https:\/\/lottemaa.ee\/en\/about-us\/"},{"@type":"ListItem","position":3,"name":"Summer season 2026"}]},{"@type":"WebSite","@id":"https:\/\/lottemaa.ee\/#website","url":"https:\/\/lottemaa.ee\/","name":"Lottemaa Teemapark","description":"Baltimaade suurim ja k\u00f5ige \u00e4gedam kogupere teemapark Eestis P\u00e4rnumaal","publisher":{"@id":"https:\/\/lottemaa.ee\/#organization"},"potentialAction":[{"@type":"SearchAction","target":{"@type":"EntryPoint","urlTemplate":"https:\/\/lottemaa.ee\/?s={search_term_string}"},"query-input":{"@type":"PropertyValueSpecification","valueRequired":true,"valueName":"search_term_string"}}],"inLanguage":"en-US"},{"@type":"Organization","@id":"https:\/\/lottemaa.ee\/#organization","name":"Lottemaa Teemapark","url":"https:\/\/lottemaa.ee\/","logo":{"@type":"ImageObject","inLanguage":"en-US","@id":"https:\/\/lottemaa.ee\/#\/schema\/logo\/image\/","url":"https:\/\/lottemaa.ee\/wp-content\/uploads\/2018\/12\/Lottemaa_LOGO.png","contentUrl":"https:\/\/lottemaa.ee\/wp-content\/uploads\/2018\/12\/Lottemaa_LOGO.png","width":1024,"height":518,"caption":"Lottemaa Teemapark"},"image":{"@id":"https:\/\/lottemaa.ee\/#\/schema\/logo\/image\/"}}]}},"_links":{"self":[{"href":"https:\/\/lottemaa.ee\/en\/wp-json\/wp\/v2\/pages\/10203","targetHints":{"allow":["GET"]}}],"collection":[{"href":"https:\/\/lottemaa.ee\/en\/wp-json\/wp\/v2\/pages"}],"about":[{"href":"https:\/\/lottemaa.ee\/en\/wp-json\/wp\/v2\/types\/page"}],"author":[{"embeddable":true,"href":"https:\/\/lottemaa.ee\/en\/wp-json\/wp\/v2\/users\/7"}],"replies":[{"embeddable":true,"href":"https:\/\/lottemaa.ee\/en\/wp-json\/wp\/v2\/comments?post=10203"}],"version-history":[{"count":5,"href":"https:\/\/lottemaa.ee\/en\/wp-json\/wp\/v2\/pages\/10203\/revisions"}],"predecessor-version":[{"id":33009,"href":"https:\/\/lottemaa.ee\/en\/wp-json\/wp\/v2\/pages\/10203\/revisions\/33009"}],"up":[{"embeddable":true,"href":"https:\/\/lottemaa.ee\/en\/wp-json\/wp\/v2\/pages\/595"}],"wp:featuredmedia":[{"embeddable":true,"href":"https:\/\/lottemaa.ee\/en\/wp-json\/wp\/v2\/media\/32994"}],"wp:attachment":[{"href":"https:\/\/lottemaa.ee\/en\/wp-json\/wp\/v2\/media?parent=10203"}],"curies":[{"name":"wp","href":"https:\/\/api.w.org\/{rel}","templated":true}]}}